{"id":2389,"date":"2021-10-15T09:43:45","date_gmt":"2021-10-15T07:43:45","guid":{"rendered":"https:\/\/www.iwim.it\/collabora-con-noi\/"},"modified":"2026-02-13T14:54:52","modified_gmt":"2026-02-13T13:54:52","slug":"moglichkeiten-der-zusammenarbeit","status":"publish","type":"page","link":"https:\/\/www.iwim.it\/de\/moglichkeiten-der-zusammenarbeit\/","title":{"rendered":"Arbeiten Sie mit uns"},"content":{"rendered":"\t\t<div data-elementor-type=\"wp-page\" data-elementor-id=\"2389\" class=\"elementor elementor-2389 elementor-860\" data-elementor-post-type=\"page\">\n\t\t\t\t\t\t<section class=\"elementor-section elementor-top-section elementor-element elementor-element-bf89912 elementor-section-height-min-height elementor-section-boxed elementor-section-height-default elementor-section-items-middle\" data-id=\"bf89912\" data-element_type=\"section\" data-e-type=\"section\" data-settings=\"{&quot;background_background&quot;:&quot;classic&quot;,&quot;background_motion_fx_motion_fx_scrolling&quot;:&quot;yes&quot;,&quot;background_motion_fx_scale_effect&quot;:&quot;yes&quot;,&quot;background_motion_fx_translateY_effect&quot;:&quot;yes&quot;,&quot;background_motion_fx_translateY_speed&quot;:{&quot;unit&quot;:&quot;px&quot;,&quot;size&quot;:3,&quot;sizes&quot;:[]},&quot;background_motion_fx_translateY_affectedRange&quot;:{&quot;unit&quot;:&quot;%&quot;,&quot;size&quot;:&quot;&quot;,&quot;sizes&quot;:{&quot;start&quot;:0,&quot;end&quot;:100}},&quot;background_motion_fx_scale_direction&quot;:&quot;out-in&quot;,&quot;background_motion_fx_scale_speed&quot;:{&quot;unit&quot;:&quot;px&quot;,&quot;size&quot;:4,&quot;sizes&quot;:[]},&quot;background_motion_fx_scale_range&quot;:{&quot;unit&quot;:&quot;%&quot;,&quot;size&quot;:&quot;&quot;,&quot;sizes&quot;:{&quot;start&quot;:20,&quot;end&quot;:80}},&quot;background_motion_fx_devices&quot;:[&quot;desktop&quot;,&quot;tablet&quot;,&quot;mobile&quot;]}\">\n\t\t\t\t\t\t\t<div class=\"elementor-background-overlay\"><\/div>\n\t\t\t\t\t\t\t<div class=\"elementor-container elementor-column-gap-default\">\n\t\t\t\t\t<div class=\"elementor-column elementor-col-100 elementor-top-column elementor-element elementor-element-258111b3 animated-slow elementor-invisible\" data-id=\"258111b3\" data-element_type=\"column\" data-e-type=\"column\" data-settings=\"{&quot;animation&quot;:&quot;fadeInLeft&quot;}\">\n\t\t\t<div class=\"elementor-widget-wrap elementor-element-populated\">\n\t\t\t\t\t\t<div class=\"elementor-element elementor-element-25bdada6 elementor-widget elementor-widget-heading\" data-id=\"25bdada6\" data-element_type=\"widget\" data-e-type=\"widget\" data-widget_type=\"heading.default\">\n\t\t\t\t<div class=\"elementor-widget-container\">\n\t\t\t\t\t<h1 class=\"elementor-heading-title elementor-size-default\">Arbeiten Sie mit uns<\/h1>\t\t\t\t<\/div>\n\t\t\t\t<\/div>\n\t\t\t\t\t<\/div>\n\t\t<\/div>\n\t\t\t\t\t<\/div>\n\t\t<\/section>\n\t\t\t\t<section class=\"elementor-section elementor-top-section elementor-element elementor-element-73d7293e elementor-section-height-min-height elementor-section-boxed elementor-section-height-default elementor-section-items-middle\" data-id=\"73d7293e\" data-element_type=\"section\" data-e-type=\"section\">\n\t\t\t\t\t\t<div class=\"elementor-container elementor-column-gap-default\">\n\t\t\t\t\t<div class=\"elementor-column elementor-col-100 elementor-top-column elementor-element elementor-element-4c0aa92f\" data-id=\"4c0aa92f\" data-element_type=\"column\" data-e-type=\"column\">\n\t\t\t<div class=\"elementor-widget-wrap elementor-element-populated\">\n\t\t\t\t\t\t<div class=\"elementor-element elementor-element-65c5366 elementor-invisible elementor-widget elementor-widget-text-editor\" data-id=\"65c5366\" data-element_type=\"widget\" data-e-type=\"widget\" data-settings=\"{&quot;_animation&quot;:&quot;fadeInDown&quot;,&quot;_animation_delay&quot;:500}\" data-widget_type=\"text-editor.default\">\n\t\t\t\t<div class=\"elementor-widget-container\">\n\t\t\t\t\t\t\t\t\t<h5>Sind Sie eine motivierte Person mit einem ausgepr\u00e4gten Interesse an Technik?<br>Freuen Sie sich darauf, Ihre Erfahrungen im Projektmanagement zu teilen?  <br>Oder wollen Sie in der Softwareentwicklung wachsen?<\/h5>\t\t\t\t\t\t\t\t<\/div>\n\t\t\t\t<\/div>\n\t\t\t\t<div class=\"elementor-element elementor-element-3e0e435d elementor-invisible elementor-widget elementor-widget-text-editor\" data-id=\"3e0e435d\" data-element_type=\"widget\" data-e-type=\"widget\" data-settings=\"{&quot;_animation&quot;:&quot;fadeInDown&quot;,&quot;_animation_delay&quot;:500}\" data-widget_type=\"text-editor.default\">\n\t\t\t\t<div class=\"elementor-widget-container\">\n\t\t\t\t\t\t\t\t\t<p>Bei iWIM pr\u00fcfen wir die Lebensl\u00e4ufe von Personen, die ihr Interesse an einer Mitarbeit in <strong>unserem Team<\/strong> bekundet haben, stets sorgf\u00e4ltig. Wenn keine Stelle frei ist, die Sie interessiert, k\u00f6nnen Sie uns trotzdem eine Initiativbewerbung mit Angaben zu Ihrem Interessengebiet schicken. <\/p><p data-sourcepos=\"1:1-1:431\">Stellen Sie sich eine Umgebung vor, in der die <strong>Leidenschaft<\/strong> f\u00fcr<strong>Technologie<\/strong> mit dem Wunsch, etwas <strong>Gro\u00dfartiges<\/strong> zu schaffen, verschmilzt.  <br><strong>iWIM<\/strong> \u00f6ffnet Ihnen die T\u00fcr zu einer einzigartigen beruflichen Erfahrung, bei der Ihre Ideen und F\u00e4higkeiten die treibende Kraft hinter innovativen L\u00f6sungen in der Welt des dynamischen Wiegens werden. Wenn Sie sich selbst als motivierte Person mit einem ausgepr\u00e4gten Interesse an technologischer Innovation erkennen, werden Sie hier Ihren Platz finden. <\/p><p data-sourcepos=\"3:1-3:558\">Ob Sie nun ein Experte f\u00fcr Projektmanagement sind, der seine Erfahrungen weitergeben und Teams zu ehrgeizigen Zielen f\u00fchren m\u00f6chte, oder ein talentierter Softwareentwickler, der bereit ist, Codezeilen in greifbare Realit\u00e4ten zu verwandeln &#8211; bei iWIM finden Sie einen fruchtbaren Boden f\u00fcr Ihr Wachstum. Aber das ist noch nicht alles: Wir sind davon \u00fcberzeugt, dass Talente in vielen Formen auftreten k\u00f6nnen. Deshalb pr\u00fcfen wir jede Bewerbung, auch die Initiativbewerbung, sorgf\u00e4ltig und suchen nach Menschen, die wie wir an die Kraft der Technologie glauben, um die Welt zu verbessern. <\/p><p data-sourcepos=\"5:1-5:438\">Bei iWIM finden Sie nicht nur einen Job, sondern eine echte Herausforderung: die Mitarbeit an der Entwicklung von L\u00f6sungen, die einen Unterschied machen, in einem anregenden und kollaborativen Umfeld, in dem die berufliche Entwicklung ein gemeinsamer Weg ist. Wenn Sie bereit sind, sich zu engagieren und Teil eines dynamischen und leidenschaftlichen Teams zu werden, schicken Sie uns Ihren Lebenslauf. Wir w\u00fcrden uns freuen, Sie kennenzulernen und gemeinsam mit Ihnen M\u00f6glichkeiten der Zusammenarbeit zu pr\u00fcfen.  <\/p><p>Worauf warten Sie noch: M\u00f6chten Sie unserem Team beitreten? <br>Schicken Sie uns Ihren Lebenslauf an <a href=\"mailto:info@iwim.it\">info@iwim.it<\/a><\/p>\t\t\t\t\t\t\t\t<\/div>\n\t\t\t\t<\/div>\n\t\t\t\t\t<\/div>\n\t\t<\/div>\n\t\t\t\t\t<\/div>\n\t\t<\/section>\n\t\t\t\t<\/div>\n\t\t","protected":false},"excerpt":{"rendered":"<p>Sind Sie eine motivierte Person mit einem ausgepr\u00e4gten Interesse an Technik?Freuen Sie sich darauf, Ihre Erfahrungen im Projektmanagement zu teilen? Oder wollen Sie in der Softwareentwicklung wachsen? Bei iWIM pr\u00fcfen wir die Lebensl\u00e4ufe von Personen, die ihr Interesse an einer Mitarbeit in unserem Team bekundet haben, stets sorgf\u00e4ltig. Wenn keine Stelle frei ist, die Sie [&hellip;]<\/p>\n","protected":false},"author":3,"featured_media":0,"parent":0,"menu_order":0,"comment_status":"closed","ping_status":"closed","template":"","meta":{"_joinchat":[],"footnotes":""},"class_list":["post-2389","page","type-page","status-publish","hentry"],"yoast_head":"<!-- This site is optimized with the Yoast SEO plugin v27.4 - https:\/\/yoast.com\/product\/yoast-seo-wordpress\/ -->\n<title>Arbeiten Sie mit uns - iWIM: Technische Stellenausschreibungen<\/title>\n<meta name=\"description\" content=\"Zusammenarbeit mit iWIM und Beitrag zu innovativen Projekten im Bereich des dynamischen Wiegens. M\u00f6glichkeiten zur beruflichen Weiterentwicklung.\" \/>\n<meta name=\"robots\" content=\"index, follow, max-snippet:-1, max-image-preview:large, max-video-preview:-1\" \/>\n<link rel=\"canonical\" href=\"https:\/\/www.iwim.it\/de\/moglichkeiten-der-zusammenarbeit\/\" \/>\n<meta property=\"og:locale\" content=\"de_DE\" \/>\n<meta property=\"og:type\" content=\"article\" \/>\n<meta property=\"og:title\" content=\"Arbeiten Sie mit uns - iWIM: Technische Stellenausschreibungen\" \/>\n<meta property=\"og:description\" content=\"Zusammenarbeit mit iWIM und Beitrag zu innovativen Projekten im Bereich des dynamischen Wiegens. M\u00f6glichkeiten zur beruflichen Weiterentwicklung.\" \/>\n<meta property=\"og:url\" content=\"https:\/\/www.iwim.it\/de\/moglichkeiten-der-zusammenarbeit\/\" \/>\n<meta property=\"og:site_name\" content=\"Bisonte by iWiM: weigh-in-motion\" \/>\n<meta property=\"article:modified_time\" content=\"2026-02-13T13:54:52+00:00\" \/>\n<meta name=\"twitter:card\" content=\"summary_large_image\" \/>\n<meta name=\"twitter:label1\" content=\"Gesch\u00e4tzte Lesezeit\" \/>\n\t<meta name=\"twitter:data1\" content=\"1\u00a0Minute\" \/>\n<script type=\"application\/ld+json\" class=\"yoast-schema-graph\">{\"@context\":\"https:\\\/\\\/schema.org\",\"@graph\":[{\"@type\":\"WebPage\",\"@id\":\"https:\\\/\\\/www.iwim.it\\\/de\\\/moglichkeiten-der-zusammenarbeit\\\/\",\"url\":\"https:\\\/\\\/www.iwim.it\\\/de\\\/moglichkeiten-der-zusammenarbeit\\\/\",\"name\":\"Arbeiten Sie mit uns - iWIM: Technische Stellenausschreibungen\",\"isPartOf\":{\"@id\":\"https:\\\/\\\/www.iwim.it\\\/de\\\/#website\"},\"datePublished\":\"2021-10-15T07:43:45+00:00\",\"dateModified\":\"2026-02-13T13:54:52+00:00\",\"description\":\"Zusammenarbeit mit iWIM und Beitrag zu innovativen Projekten im Bereich des dynamischen Wiegens. M\u00f6glichkeiten zur beruflichen Weiterentwicklung.\",\"breadcrumb\":{\"@id\":\"https:\\\/\\\/www.iwim.it\\\/de\\\/moglichkeiten-der-zusammenarbeit\\\/#breadcrumb\"},\"inLanguage\":\"de\",\"potentialAction\":[{\"@type\":\"ReadAction\",\"target\":[\"https:\\\/\\\/www.iwim.it\\\/de\\\/moglichkeiten-der-zusammenarbeit\\\/\"]}]},{\"@type\":\"BreadcrumbList\",\"@id\":\"https:\\\/\\\/www.iwim.it\\\/de\\\/moglichkeiten-der-zusammenarbeit\\\/#breadcrumb\",\"itemListElement\":[{\"@type\":\"ListItem\",\"position\":1,\"name\":\"Home\",\"item\":\"https:\\\/\\\/www.iwim.it\\\/de\\\/home-page\\\/\"},{\"@type\":\"ListItem\",\"position\":2,\"name\":\"Arbeiten Sie mit uns\"}]},{\"@type\":\"WebSite\",\"@id\":\"https:\\\/\\\/www.iwim.it\\\/de\\\/#website\",\"url\":\"https:\\\/\\\/www.iwim.it\\\/de\\\/\",\"name\":\"Bisonte by iWiM: weigh-in-motion\",\"description\":\"Il sistema di pesatura dinamica\",\"publisher\":{\"@id\":\"https:\\\/\\\/www.iwim.it\\\/de\\\/#organization\"},\"potentialAction\":[{\"@type\":\"SearchAction\",\"target\":{\"@type\":\"EntryPoint\",\"urlTemplate\":\"https:\\\/\\\/www.iwim.it\\\/de\\\/?s={search_term_string}\"},\"query-input\":{\"@type\":\"PropertyValueSpecification\",\"valueRequired\":true,\"valueName\":\"search_term_string\"}}],\"inLanguage\":\"de\"},{\"@type\":\"Organization\",\"@id\":\"https:\\\/\\\/www.iwim.it\\\/de\\\/#organization\",\"name\":\"iWiM\",\"url\":\"https:\\\/\\\/www.iwim.it\\\/de\\\/\",\"logo\":{\"@type\":\"ImageObject\",\"inLanguage\":\"de\",\"@id\":\"https:\\\/\\\/www.iwim.it\\\/de\\\/#\\\/schema\\\/logo\\\/image\\\/\",\"url\":\"https:\\\/\\\/www.iwim.it\\\/wp-content\\\/uploads\\\/2023\\\/04\\\/iwim.png\",\"contentUrl\":\"https:\\\/\\\/www.iwim.it\\\/wp-content\\\/uploads\\\/2023\\\/04\\\/iwim.png\",\"width\":684,\"height\":684,\"caption\":\"iWiM\"},\"image\":{\"@id\":\"https:\\\/\\\/www.iwim.it\\\/de\\\/#\\\/schema\\\/logo\\\/image\\\/\"},\"sameAs\":[\"https:\\\/\\\/it.linkedin.com\\\/company\\\/iwim-srl\",\"https:\\\/\\\/www.youtube.com\\\/@iwimbison\"]}]}<\/script>\n<!-- \/ Yoast SEO plugin. -->","yoast_head_json":{"title":"Arbeiten Sie mit uns - iWIM: Technische Stellenausschreibungen","description":"Zusammenarbeit mit iWIM und Beitrag zu innovativen Projekten im Bereich des dynamischen Wiegens. M\u00f6glichkeiten zur beruflichen Weiterentwicklung.","robots":{"index":"index","follow":"follow","max-snippet":"max-snippet:-1","max-image-preview":"max-image-preview:large","max-video-preview":"max-video-preview:-1"},"canonical":"https:\/\/www.iwim.it\/de\/moglichkeiten-der-zusammenarbeit\/","og_locale":"de_DE","og_type":"article","og_title":"Arbeiten Sie mit uns - iWIM: Technische Stellenausschreibungen","og_description":"Zusammenarbeit mit iWIM und Beitrag zu innovativen Projekten im Bereich des dynamischen Wiegens. M\u00f6glichkeiten zur beruflichen Weiterentwicklung.","og_url":"https:\/\/www.iwim.it\/de\/moglichkeiten-der-zusammenarbeit\/","og_site_name":"Bisonte by iWiM: weigh-in-motion","article_modified_time":"2026-02-13T13:54:52+00:00","twitter_card":"summary_large_image","twitter_misc":{"Gesch\u00e4tzte Lesezeit":"1\u00a0Minute"},"schema":{"@context":"https:\/\/schema.org","@graph":[{"@type":"WebPage","@id":"https:\/\/www.iwim.it\/de\/moglichkeiten-der-zusammenarbeit\/","url":"https:\/\/www.iwim.it\/de\/moglichkeiten-der-zusammenarbeit\/","name":"Arbeiten Sie mit uns - iWIM: Technische Stellenausschreibungen","isPartOf":{"@id":"https:\/\/www.iwim.it\/de\/#website"},"datePublished":"2021-10-15T07:43:45+00:00","dateModified":"2026-02-13T13:54:52+00:00","description":"Zusammenarbeit mit iWIM und Beitrag zu innovativen Projekten im Bereich des dynamischen Wiegens. M\u00f6glichkeiten zur beruflichen Weiterentwicklung.","breadcrumb":{"@id":"https:\/\/www.iwim.it\/de\/moglichkeiten-der-zusammenarbeit\/#breadcrumb"},"inLanguage":"de","potentialAction":[{"@type":"ReadAction","target":["https:\/\/www.iwim.it\/de\/moglichkeiten-der-zusammenarbeit\/"]}]},{"@type":"BreadcrumbList","@id":"https:\/\/www.iwim.it\/de\/moglichkeiten-der-zusammenarbeit\/#breadcrumb","itemListElement":[{"@type":"ListItem","position":1,"name":"Home","item":"https:\/\/www.iwim.it\/de\/home-page\/"},{"@type":"ListItem","position":2,"name":"Arbeiten Sie mit uns"}]},{"@type":"WebSite","@id":"https:\/\/www.iwim.it\/de\/#website","url":"https:\/\/www.iwim.it\/de\/","name":"Bisonte by iWiM: weigh-in-motion","description":"Il sistema di pesatura dinamica","publisher":{"@id":"https:\/\/www.iwim.it\/de\/#organization"},"potentialAction":[{"@type":"SearchAction","target":{"@type":"EntryPoint","urlTemplate":"https:\/\/www.iwim.it\/de\/?s={search_term_string}"},"query-input":{"@type":"PropertyValueSpecification","valueRequired":true,"valueName":"search_term_string"}}],"inLanguage":"de"},{"@type":"Organization","@id":"https:\/\/www.iwim.it\/de\/#organization","name":"iWiM","url":"https:\/\/www.iwim.it\/de\/","logo":{"@type":"ImageObject","inLanguage":"de","@id":"https:\/\/www.iwim.it\/de\/#\/schema\/logo\/image\/","url":"https:\/\/www.iwim.it\/wp-content\/uploads\/2023\/04\/iwim.png","contentUrl":"https:\/\/www.iwim.it\/wp-content\/uploads\/2023\/04\/iwim.png","width":684,"height":684,"caption":"iWiM"},"image":{"@id":"https:\/\/www.iwim.it\/de\/#\/schema\/logo\/image\/"},"sameAs":["https:\/\/it.linkedin.com\/company\/iwim-srl","https:\/\/www.youtube.com\/@iwimbison"]}]}},"_links":{"self":[{"href":"https:\/\/www.iwim.it\/de\/wp-json\/wp\/v2\/pages\/2389","targetHints":{"allow":["GET"]}}],"collection":[{"href":"https:\/\/www.iwim.it\/de\/wp-json\/wp\/v2\/pages"}],"about":[{"href":"https:\/\/www.iwim.it\/de\/wp-json\/wp\/v2\/types\/page"}],"author":[{"embeddable":true,"href":"https:\/\/www.iwim.it\/de\/wp-json\/wp\/v2\/users\/3"}],"replies":[{"embeddable":true,"href":"https:\/\/www.iwim.it\/de\/wp-json\/wp\/v2\/comments?post=2389"}],"version-history":[{"count":2,"href":"https:\/\/www.iwim.it\/de\/wp-json\/wp\/v2\/pages\/2389\/revisions"}],"predecessor-version":[{"id":13765,"href":"https:\/\/www.iwim.it\/de\/wp-json\/wp\/v2\/pages\/2389\/revisions\/13765"}],"wp:attachment":[{"href":"https:\/\/www.iwim.it\/de\/wp-json\/wp\/v2\/media?parent=2389"}],"curies":[{"name":"wp","href":"https:\/\/api.w.org\/{rel}","templated":true}]}}